{"id":7107,"date":"2023-01-06T14:56:52","date_gmt":"2023-01-06T14:56:52","guid":{"rendered":"https:\/\/elfan.fr\/?page_id=7107"},"modified":"2023-03-01T14:18:31","modified_gmt":"2023-03-01T14:18:31","slug":"tatoueurs","status":"publish","type":"page","link":"https:\/\/elfan.fr\/en\/tatoueurs\/","title":{"rendered":"Tatoueurs"},"content":{"rendered":"<style>\/*! elementor - v3.9.1 - 14-12-2022 *\/\n.elementor-heading-title{padding:0;margin:0;line-height:1}.elementor-widget-heading .elementor-heading-title[class*=elementor-size-]>a{color:inherit;font-size:inherit;line-height:inherit}.elementor-widget-heading .elementor-heading-title.elementor-size-small{font-size:15px}.elementor-widget-heading .elementor-heading-title.elementor-size-medium{font-size:19px}.elementor-widget-heading .elementor-heading-title.elementor-size-large{font-size:29px}.elementor-widget-heading .elementor-heading-title.elementor-size-xl{font-size:39px}.elementor-widget-heading .elementor-heading-title.elementor-size-xxl{font-size:59px}<\/style>\n<h2>Tattoo artists<\/h2>\n<h2>Lynn Acra<\/h2>\n<style>\/*! elementor - v3.9.1 - 14-12-2022 *\/\n.elementor-widget-image-carousel .swiper-container{position:static}.elementor-widget-image-carousel .swiper-container .swiper-slide figure{line-height:inherit}.elementor-widget-image-carousel .swiper-slide{text-align:center}.elementor-image-carousel-wrapper:not(.swiper-container-initialized) .swiper-slide{max-width:calc(100% \/ var(--e-image-carousel-slides-to-show, 3))}<\/style>\n<figure><img decoding=\"async\" src=\"http:\/\/elfan.fr\/wp-content\/uploads\/2023\/01\/Profile-Picture-scaled.jpeg\" alt=\"Profile Picture\" \/><\/figure>\n<figure><img decoding=\"async\" src=\"http:\/\/elfan.fr\/wp-content\/uploads\/2023\/01\/image00001.jpeg\" alt=\"image00001\" \/><\/figure>\n<figure><img decoding=\"async\" src=\"http:\/\/elfan.fr\/wp-content\/uploads\/2023\/01\/image00002.jpeg\" alt=\"image00002\" \/><\/figure>\n<figure><img decoding=\"async\" src=\"http:\/\/elfan.fr\/wp-content\/uploads\/2023\/03\/47.png\" alt=\"47\" \/><\/figure>\n<p>\t\t\t\t\t\t\t\t\t\t\t\tPr\u00e9c\u00e9dent<br \/>\n\t\t\t\t\t\t\t\t\t\t\t\tSuivant<\/p>\n<h2>Hady Baydoun<\/h2>\n<figure><img decoding=\"async\" src=\"http:\/\/elfan.fr\/wp-content\/uploads\/2023\/02\/INSTA-POST-3.png\" alt=\"INSTA POST (3)\" \/><\/figure>\n<figure><img decoding=\"async\" src=\"http:\/\/elfan.fr\/wp-content\/uploads\/2023\/02\/IMG_3580-scaled.jpg\" alt=\"IMG_3580\" \/><\/figure>\n<figure><img decoding=\"async\" src=\"http:\/\/elfan.fr\/wp-content\/uploads\/2023\/02\/P9A5735-2-scaled.jpg\" alt=\"_P9A5735 2\" \/><\/figure>\n<figure><img decoding=\"async\" src=\"http:\/\/elfan.fr\/wp-content\/uploads\/2023\/03\/24.png\" alt=\"24\" \/><\/figure>\n<figure><img decoding=\"async\" src=\"http:\/\/elfan.fr\/wp-content\/uploads\/2023\/03\/25.png\" alt=\"25\" \/><\/figure>\n<p>\t\t\t\t\t\t\t\t\t\t\t\tPr\u00e9c\u00e9dent<br \/>\n\t\t\t\t\t\t\t\t\t\t\t\tSuivant<\/p>\n<h2>Oscarts<\/h2>\n<figure><img decoding=\"async\" src=\"http:\/\/elfan.fr\/wp-content\/uploads\/2023\/02\/texte-platform-1.png\" alt=\"texte platform (1)\" \/><\/figure>\n<figure><img decoding=\"async\" src=\"http:\/\/elfan.fr\/wp-content\/uploads\/2023\/02\/tattoo-1-scaled.jpg\" alt=\"tattoo 1\" \/><\/figure>\n<figure><img decoding=\"async\" src=\"http:\/\/elfan.fr\/wp-content\/uploads\/2023\/02\/tattoo-2-scaled.jpg\" alt=\"tattoo 2\" \/><\/figure>\n<figure><img decoding=\"async\" src=\"http:\/\/elfan.fr\/wp-content\/uploads\/2023\/03\/44.png\" alt=\"44\" \/><\/figure>\n<figure><img decoding=\"async\" src=\"http:\/\/elfan.fr\/wp-content\/uploads\/2023\/03\/45.png\" alt=\"45\" \/><\/figure>\n<p>\t\t\t\t\t\t\t\t\t\t\t\tPr\u00e9c\u00e9dent<br \/>\n\t\t\t\t\t\t\t\t\t\t\t\tSuivant<\/p>\n","protected":false},"excerpt":{"rendered":"<p>Tattoo artists Lynn Acra Pr\u00e9c\u00e9dent Suivant Hady Baydoun Pr\u00e9c\u00e9dent Suivant Oscarts Pr\u00e9c\u00e9dent Suivant<\/p>\n","protected":false},"author":1,"featured_media":0,"parent":0,"menu_order":0,"comment_status":"closed","ping_status":"closed","template":"","meta":{"om_disable_all_campaigns":false,"_mi_skip_tracking":false,"neve_meta_sidebar":"","neve_meta_container":"","neve_meta_enable_content_width":"","neve_meta_content_width":0,"neve_meta_title_alignment":"","neve_meta_author_avatar":"","neve_post_elements_order":"","neve_meta_disable_header":"","neve_meta_disable_footer":"","neve_meta_disable_title":"","_themeisle_gutenberg_block_has_review":false,"_ti_tpc_template_sync":false,"_ti_tpc_template_id":""},"translation":{"provider":"WPGlobus","version":"2.10.7","language":"en","enabled_languages":["fr","en"],"languages":{"fr":{"title":true,"content":true,"excerpt":false},"en":{"title":true,"content":true,"excerpt":false}}},"aioseo_notices":[],"_links":{"self":[{"href":"https:\/\/elfan.fr\/en\/wp-json\/wp\/v2\/pages\/7107"}],"collection":[{"href":"https:\/\/elfan.fr\/en\/wp-json\/wp\/v2\/pages"}],"about":[{"href":"https:\/\/elfan.fr\/en\/wp-json\/wp\/v2\/types\/page"}],"author":[{"embeddable":true,"href":"https:\/\/elfan.fr\/en\/wp-json\/wp\/v2\/users\/1"}],"replies":[{"embeddable":true,"href":"https:\/\/elfan.fr\/en\/wp-json\/wp\/v2\/comments?post=7107"}],"version-history":[{"count":41,"href":"https:\/\/elfan.fr\/en\/wp-json\/wp\/v2\/pages\/7107\/revisions"}],"predecessor-version":[{"id":8558,"href":"https:\/\/elfan.fr\/en\/wp-json\/wp\/v2\/pages\/7107\/revisions\/8558"}],"wp:attachment":[{"href":"https:\/\/elfan.fr\/en\/wp-json\/wp\/v2\/media?parent=7107"}],"curies":[{"name":"wp","href":"https:\/\/api.w.org\/{rel}","templated":true}]}}