{"id":5105,"date":"2022-12-06T15:37:41","date_gmt":"2022-12-06T15:37:41","guid":{"rendered":"https:\/\/elfan.fr\/?page_id=5105"},"modified":"2025-11-21T08:15:09","modified_gmt":"2025-11-21T08:15:09","slug":"photographes","status":"publish","type":"page","link":"https:\/\/elfan.fr\/en\/photographes\/","title":{"rendered":"Photographes"},"content":{"rendered":"<style>\/*! elementor - v3.13.3 - 28-05-2023 *\/\n.elementor-heading-title{padding:0;margin:0;line-height:1}.elementor-widget-heading .elementor-heading-title[class*=elementor-size-]>a{color:inherit;font-size:inherit;line-height:inherit}.elementor-widget-heading .elementor-heading-title.elementor-size-small{font-size:15px}.elementor-widget-heading .elementor-heading-title.elementor-size-medium{font-size:19px}.elementor-widget-heading .elementor-heading-title.elementor-size-large{font-size:29px}.elementor-widget-heading .elementor-heading-title.elementor-size-xl{font-size:39px}.elementor-widget-heading .elementor-heading-title.elementor-size-xxl{font-size:59px}<\/style>\n<h2>Photographers<\/h2>\n<h2>Serge Abboud<\/h2>\n<style>\/*! elementor - v3.13.3 - 28-05-2023 *\/\n.elementor-widget-image-carousel .swiper,.elementor-widget-image-carousel .swiper-container{position:static}.elementor-widget-image-carousel .swiper-container .swiper-slide figure,.elementor-widget-image-carousel .swiper .swiper-slide figure{line-height:inherit}.elementor-widget-image-carousel .swiper-slide{text-align:center}.elementor-image-carousel-wrapper:not(.swiper-container-initialized):not(.swiper-initialized) .swiper-slide{max-width:calc(100% \/ var(--e-image-carousel-slides-to-show, 3))}<\/style>\n<figure><img decoding=\"async\" src=\"https:\/\/elfan.fr\/wp-content\/uploads\/2023\/01\/Serge-BW-scaled-e1673678930850.jpg\" alt=\"Serge BW\" \/><\/figure>\n<figure><img decoding=\"async\" src=\"https:\/\/elfan.fr\/wp-content\/uploads\/2023\/03\/10.png\" alt=\"10\" \/><\/figure>\n<p>\t\t\t\t\t\t\t\t\t\t\t\tPrevious image<br \/>\n\t\t\t\t\t\t\t\t\t\t\t\tNext image<\/p>\n<h2>Hayan Abdallah<br \/><\/h2>\n<figure><img decoding=\"async\" src=\"https:\/\/elfan.fr\/wp-content\/uploads\/2023\/11\/Profile-Pic-1-1.jpeg\" alt=\"Profile Pic\" \/><\/figure>\n<figure><img decoding=\"async\" src=\"https:\/\/elfan.fr\/wp-content\/uploads\/2023\/11\/Artwork1-001T-Presentisim-1-scaled.jpg\" alt=\"Artwork1-001T-Presentisim\" \/><\/figure>\n<figure><img decoding=\"async\" src=\"https:\/\/elfan.fr\/wp-content\/uploads\/2023\/11\/003LAS-Yellow-Corner-2-1-1-scaled.jpg\" alt=\"003LAS Yellow Corner-2 (1)\" \/><\/figure>\n<figure><img decoding=\"async\" src=\"https:\/\/elfan.fr\/wp-content\/uploads\/2023\/11\/174.png\" alt=\"174\" \/><\/figure>\n<p>\t\t\t\t\t\t\t\t\t\t\t\tPrevious image<br \/>\n\t\t\t\t\t\t\t\t\t\t\t\tNext image<\/p>\n<h2>Dany Abi Mosleh<\/h2>\n<figure><img decoding=\"async\" src=\"https:\/\/elfan.fr\/wp-content\/uploads\/2025\/10\/Photo-Dany-Noir-et-Blanc-min.png\" alt=\"Photo Dany Noir et Blanc-min\" \/><\/figure>\n<figure><img decoding=\"async\" src=\"https:\/\/elfan.fr\/wp-content\/uploads\/2025\/10\/263.png\" alt=\"263\" \/><\/figure>\n<figure><img decoding=\"async\" src=\"https:\/\/elfan.fr\/wp-content\/uploads\/2025\/10\/Godess-of-over-consomption-1.png\" alt=\"Godess of over-consomption\" \/><\/figure>\n<figure><img decoding=\"async\" src=\"https:\/\/elfan.fr\/wp-content\/uploads\/2025\/10\/God-of-censure-1.png\" alt=\"God of censure\" \/><\/figure>\n<p>\t\t\t\t\t\t\t\t\t\t\t\tPrevious image<br \/>\n\t\t\t\t\t\t\t\t\t\t\t\tNext image<\/p>\n<h2>Pierre Abou Jaoude<br \/><\/h2>\n<figure><img decoding=\"async\" src=\"https:\/\/elfan.fr\/wp-content\/uploads\/2024\/04\/220.png\" alt=\"220\" \/><\/figure>\n<figure><img decoding=\"async\" src=\"https:\/\/elfan.fr\/wp-content\/uploads\/2024\/04\/222.png\" alt=\"222\" \/><\/figure>\n<figure><img decoding=\"async\" src=\"https:\/\/elfan.fr\/wp-content\/uploads\/2024\/04\/221.png\" alt=\"221\" \/><\/figure>\n<figure><img decoding=\"async\" src=\"https:\/\/elfan.fr\/wp-content\/uploads\/2024\/04\/225.png\" alt=\"225\" \/><\/figure>\n<figure><img decoding=\"async\" src=\"https:\/\/elfan.fr\/wp-content\/uploads\/2024\/04\/226.png\" alt=\"226\" \/><\/figure>\n<p>\t\t\t\t\t\t\t\t\t\t\t\tPrevious image<br \/>\n\t\t\t\t\t\t\t\t\t\t\t\tNext image<\/p>\n<h2>Sary Asmar<br \/><\/h2>\n<figure><img decoding=\"async\" src=\"https:\/\/elfan.fr\/wp-content\/uploads\/2023\/03\/INSTA-POST-3-3.png\" alt=\"INSTA POST (3)\" \/><\/figure>\n<figure><img decoding=\"async\" src=\"https:\/\/elfan.fr\/wp-content\/uploads\/2023\/03\/IMG_1890-scaled.jpg\" alt=\"IMG_1890\" \/><\/figure>\n<figure><img decoding=\"async\" src=\"https:\/\/elfan.fr\/wp-content\/uploads\/2023\/03\/MilkyWay-Panorama-scaled.jpg\" alt=\"MilkyWay-Panorama\" \/><\/figure>\n<figure><img decoding=\"async\" src=\"https:\/\/elfan.fr\/wp-content\/uploads\/2023\/03\/98.png\" alt=\"98\" \/><\/figure>\n<p>\t\t\t\t\t\t\t\t\t\t\t\tPrevious image<br \/>\n\t\t\t\t\t\t\t\t\t\t\t\tNext image<\/p>\n<h2>Anna B. Ward<br \/><\/h2>\n<figure><img decoding=\"async\" src=\"https:\/\/elfan.fr\/wp-content\/uploads\/2025\/01\/276.png\" alt=\"276\" \/><\/figure>\n<figure><img decoding=\"async\" src=\"https:\/\/elfan.fr\/wp-content\/uploads\/2025\/01\/277.png\" alt=\"277\" \/><\/figure>\n<figure><img decoding=\"async\" src=\"https:\/\/elfan.fr\/wp-content\/uploads\/2025\/01\/278.png\" alt=\"278\" \/><\/figure>\n<figure><img decoding=\"async\" src=\"https:\/\/elfan.fr\/wp-content\/uploads\/2025\/01\/281.png\" alt=\"281\" \/><\/figure>\n<figure><img decoding=\"async\" src=\"https:\/\/elfan.fr\/wp-content\/uploads\/2025\/01\/282.png\" alt=\"282\" \/><\/figure>\n<p>\t\t\t\t\t\t\t\t\t\t\t\tPrevious image<br \/>\n\t\t\t\t\t\t\t\t\t\t\t\tNext image<\/p>\n<h2>Sama Beydoun<br \/><\/h2>\n<figure><img decoding=\"async\" src=\"https:\/\/elfan.fr\/wp-content\/uploads\/2023\/06\/texte-platform-2-copy-1.png\" alt=\"texte platform (2) copy\" \/><\/figure>\n<figure><img decoding=\"async\" src=\"https:\/\/elfan.fr\/wp-content\/uploads\/2023\/06\/136-1.png\" alt=\"136\" \/><\/figure>\n<figure><img decoding=\"async\" src=\"https:\/\/elfan.fr\/wp-content\/uploads\/2023\/06\/137-1.png\" alt=\"137\" \/><\/figure>\n<figure><img decoding=\"async\" src=\"https:\/\/elfan.fr\/wp-content\/uploads\/2023\/06\/147.png\" alt=\"147\" \/><\/figure>\n<figure><img decoding=\"async\" src=\"https:\/\/elfan.fr\/wp-content\/uploads\/2023\/06\/148.png\" alt=\"148\" \/><\/figure>\n<p>\t\t\t\t\t\t\t\t\t\t\t\tPrevious image<br \/>\n\t\t\t\t\t\t\t\t\t\t\t\tNext image<\/p>\n<h2>Yara A. Bsaibes<br \/><\/h2>\n<figure><img decoding=\"async\" src=\"https:\/\/elfan.fr\/wp-content\/uploads\/2023\/04\/YARA-A-BSAIBES-PORTRAIT.jpg\" alt=\"YARA A BSAIBES PORTRAIT\" \/><\/figure>\n<figure><img decoding=\"async\" src=\"https:\/\/elfan.fr\/wp-content\/uploads\/2023\/04\/Aeroplane.jpg\" alt=\"Aeroplane\" \/><\/figure>\n<figure><img decoding=\"async\" src=\"https:\/\/elfan.fr\/wp-content\/uploads\/2023\/04\/Who-Broke-Daisy.jpg\" alt=\"Who Broke Daisy\" \/><\/figure>\n<figure><img decoding=\"async\" src=\"https:\/\/elfan.fr\/wp-content\/uploads\/2023\/04\/106.png\" alt=\"106\" \/><\/figure>\n<p>\t\t\t\t\t\t\t\t\t\t\t\tPrevious image<br \/>\n\t\t\t\t\t\t\t\t\t\t\t\tNext image<\/p>\n<h2>Steven Char<br \/><\/h2>\n<figure><img decoding=\"async\" src=\"https:\/\/elfan.fr\/wp-content\/uploads\/2023\/01\/Street-Vendor-1-scaled.jpg\" alt=\"Street Vendor\" \/><\/figure>\n<figure><img decoding=\"async\" src=\"https:\/\/elfan.fr\/wp-content\/uploads\/2023\/01\/The-1-Shot-1-scaled.jpg\" alt=\"The 1$ Shot\" \/><\/figure>\n<figure><img decoding=\"async\" src=\"https:\/\/elfan.fr\/wp-content\/uploads\/2023\/02\/IMG-20230121-WA0011.jpg\" alt=\"IMG-20230121-WA0011\" \/><\/figure>\n<figure><img decoding=\"async\" src=\"https:\/\/elfan.fr\/wp-content\/uploads\/2023\/03\/56.png\" alt=\"56\" \/><\/figure>\n<figure><img decoding=\"async\" src=\"https:\/\/elfan.fr\/wp-content\/uploads\/2023\/03\/57.png\" alt=\"57\" \/><\/figure>\n<p>\t\t\t\t\t\t\t\t\t\t\t\tPrevious image<br \/>\n\t\t\t\t\t\t\t\t\t\t\t\tNext image<\/p>\n<h2>Habib Dargham<br \/><\/h2>\n<figure><img decoding=\"async\" src=\"https:\/\/elfan.fr\/wp-content\/uploads\/2023\/01\/Portrait.jpg\" alt=\"Portrait\" \/><\/figure>\n<figure><img decoding=\"async\" src=\"https:\/\/elfan.fr\/wp-content\/uploads\/2023\/01\/HD-20191119-1087-scaled-e1673639925222.jpg\" alt=\"Un vieil homme exprimant sa col\u00e8re avec son marteau \u00e0 la main durant les manifestations de soul\u00e8vement populaire \u00e0 Beyrouth, Liban, le 19 novembre 2019.\" \/><\/figure>\n<figure><img decoding=\"async\" src=\"https:\/\/elfan.fr\/wp-content\/uploads\/2023\/01\/HD-20210416-072-e1673639873484.jpg\" alt=\"HD-20210416-072\" \/><\/figure>\n<figure><img decoding=\"async\" src=\"https:\/\/elfan.fr\/wp-content\/uploads\/2023\/03\/7.png\" alt=\"7\" \/><\/figure>\n<figure><img decoding=\"async\" src=\"https:\/\/elfan.fr\/wp-content\/uploads\/2023\/03\/8.png\" alt=\"8\" \/><\/figure>\n<p>\t\t\t\t\t\t\t\t\t\t\t\tPrevious image<br \/>\n\t\t\t\t\t\t\t\t\t\t\t\tNext image<\/p>\n<h2>Joe Kache<br \/><\/h2>\n<figure><img decoding=\"async\" src=\"https:\/\/elfan.fr\/wp-content\/uploads\/2023\/03\/INSTA-POST-3-copy-1.png\" alt=\"INSTA POST (3) copy\" \/><\/figure>\n<figure><img decoding=\"async\" src=\"https:\/\/elfan.fr\/wp-content\/uploads\/2023\/03\/IMG-20230308-WA0015.jpg\" alt=\"IMG-20230308-WA0015\" \/><\/figure>\n<figure><img decoding=\"async\" src=\"https:\/\/elfan.fr\/wp-content\/uploads\/2023\/03\/IMG-20230308-WA0014.jpg\" alt=\"IMG-20230308-WA0014\" \/><\/figure>\n<figure><img decoding=\"async\" src=\"https:\/\/elfan.fr\/wp-content\/uploads\/2023\/03\/100.png\" alt=\"100\" \/><\/figure>\n<p>\t\t\t\t\t\t\t\t\t\t\t\tPrevious image<br \/>\n\t\t\t\t\t\t\t\t\t\t\t\tNext image<\/p>\n<h2>Noha Khalifeh<br \/><\/h2>\n<figure><img decoding=\"async\" src=\"https:\/\/elfan.fr\/wp-content\/uploads\/2023\/11\/178-1.png\" alt=\"178\" \/><\/figure>\n<figure><img decoding=\"async\" src=\"https:\/\/elfan.fr\/wp-content\/uploads\/2023\/11\/ein-el-mrayse.jpeg\" alt=\"ein el mrayse\" \/><\/figure>\n<figure><img decoding=\"async\" src=\"https:\/\/elfan.fr\/wp-content\/uploads\/2023\/11\/away.jpeg\" alt=\"away\" \/><\/figure>\n<figure><img decoding=\"async\" src=\"https:\/\/elfan.fr\/wp-content\/uploads\/2023\/11\/171-2.png\" alt=\"171\" \/><\/figure>\n<p>\t\t\t\t\t\t\t\t\t\t\t\tPrevious image<br \/>\n\t\t\t\t\t\t\t\t\t\t\t\tNext image<\/p>\n<h2>Christophe Nassar &#8211; Krist-Off<\/h2>\n<figure><img decoding=\"async\" src=\"https:\/\/elfan.fr\/wp-content\/uploads\/2025\/11\/301.png\" alt=\"301\" \/><\/figure>\n<figure><img decoding=\"async\" src=\"https:\/\/elfan.fr\/wp-content\/uploads\/2025\/11\/302.png\" alt=\"302\" \/><\/figure>\n<figure><img decoding=\"async\" src=\"https:\/\/elfan.fr\/wp-content\/uploads\/2025\/11\/303.png\" alt=\"303\" \/><\/figure>\n<figure><img decoding=\"async\" src=\"https:\/\/elfan.fr\/wp-content\/uploads\/2025\/11\/299.png\" alt=\"299\" \/><\/figure>\n<p>\t\t\t\t\t\t\t\t\t\t\t\tPrevious image<br \/>\n\t\t\t\t\t\t\t\t\t\t\t\tNext image<\/p>\n<h2>Nicolas Tawk<br \/><\/h2>\n<figure><img decoding=\"async\" src=\"https:\/\/elfan.fr\/wp-content\/uploads\/2023\/03\/IMG-20230228-WA0009.jpg\" alt=\"IMG-20230228-WA0009\" \/><\/figure>\n<figure><img decoding=\"async\" src=\"https:\/\/elfan.fr\/wp-content\/uploads\/2023\/03\/IMG-20230228-WA0012.jpg\" alt=\"IMG-20230228-WA0012\" \/><\/figure>\n<figure><img decoding=\"async\" src=\"https:\/\/elfan.fr\/wp-content\/uploads\/2023\/03\/IMG-20230228-WA0013.jpg\" alt=\"IMG-20230228-WA0013\" \/><\/figure>\n<figure><img decoding=\"async\" src=\"https:\/\/elfan.fr\/wp-content\/uploads\/2023\/03\/80.png\" alt=\"80\" \/><\/figure>\n<p>\t\t\t\t\t\t\t\t\t\t\t\tPrevious image<br \/>\n\t\t\t\t\t\t\t\t\t\t\t\tNext image<\/p>\n<h2>Wawi<br \/><\/h2>\n<figure><img decoding=\"async\" src=\"https:\/\/elfan.fr\/wp-content\/uploads\/2023\/04\/125.png\" alt=\"125\" \/><\/figure>\n<figure><img decoding=\"async\" src=\"https:\/\/elfan.fr\/wp-content\/uploads\/2023\/04\/DSC1787-2.jpg\" alt=\"_DSC1787-2\" \/><\/figure>\n<figure><img decoding=\"async\" src=\"https:\/\/elfan.fr\/wp-content\/uploads\/2023\/04\/IMG_0646-e1682594129689.jpg\" alt=\"IMG_0646\" \/><\/figure>\n<figure><img decoding=\"async\" src=\"https:\/\/elfan.fr\/wp-content\/uploads\/2023\/04\/123.png\" alt=\"123\" \/><\/figure>\n<figure><img decoding=\"async\" src=\"https:\/\/elfan.fr\/wp-content\/uploads\/2023\/04\/124.png\" alt=\"124\" \/><\/figure>\n<p>\t\t\t\t\t\t\t\t\t\t\t\tPrevious image<br \/>\n\t\t\t\t\t\t\t\t\t\t\t\tNext image<\/p>\n","protected":false},"excerpt":{"rendered":"<p>Photographers Serge Abboud Previous image Next image Hayan Abdallah Previous image Next image Dany Abi Mosleh Previous image Next image Pierre Abou Jaoude Previous image Next image Sary Asmar Previous image Next image Anna B. Ward Previous image Next image Sama Beydoun Previous image Next image Yara A. Bsaibes Previous image Next image Steven Char&hellip;&nbsp;<a href=\"https:\/\/elfan.fr\/en\/photographes\/\" class=\"\" rel=\"bookmark\">Read More &raquo;<span class=\"screen-reader-text\">Photographes<\/span><\/a><\/p>\n","protected":false},"author":1,"featured_media":0,"parent":0,"menu_order":0,"comment_status":"closed","ping_status":"closed","template":"","meta":{"om_disable_all_campaigns":false,"_mi_skip_tracking":false,"neve_meta_sidebar":"","neve_meta_container":"","neve_meta_enable_content_width":"","neve_meta_content_width":0,"neve_meta_title_alignment":"","neve_meta_author_avatar":"","neve_post_elements_order":"","neve_meta_disable_header":"","neve_meta_disable_footer":"","neve_meta_disable_title":"","_themeisle_gutenberg_block_has_review":false,"_ti_tpc_template_sync":false,"_ti_tpc_template_id":""},"translation":{"provider":"WPGlobus","version":"2.10.7","language":"en","enabled_languages":["fr","en"],"languages":{"fr":{"title":true,"content":true,"excerpt":false},"en":{"title":true,"content":true,"excerpt":false}}},"aioseo_notices":[],"_links":{"self":[{"href":"https:\/\/elfan.fr\/en\/wp-json\/wp\/v2\/pages\/5105"}],"collection":[{"href":"https:\/\/elfan.fr\/en\/wp-json\/wp\/v2\/pages"}],"about":[{"href":"https:\/\/elfan.fr\/en\/wp-json\/wp\/v2\/types\/page"}],"author":[{"embeddable":true,"href":"https:\/\/elfan.fr\/en\/wp-json\/wp\/v2\/users\/1"}],"replies":[{"embeddable":true,"href":"https:\/\/elfan.fr\/en\/wp-json\/wp\/v2\/comments?post=5105"}],"version-history":[{"count":218,"href":"https:\/\/elfan.fr\/en\/wp-json\/wp\/v2\/pages\/5105\/revisions"}],"predecessor-version":[{"id":15191,"href":"https:\/\/elfan.fr\/en\/wp-json\/wp\/v2\/pages\/5105\/revisions\/15191"}],"wp:attachment":[{"href":"https:\/\/elfan.fr\/en\/wp-json\/wp\/v2\/media?parent=5105"}],"curies":[{"name":"wp","href":"https:\/\/api.w.org\/{rel}","templated":true}]}}